{"id":251,"date":"2025-03-06T15:08:48","date_gmt":"2025-03-06T14:08:48","guid":{"rendered":"https:\/\/hungaroak.hu\/?page_id=251"},"modified":"2025-10-29T11:50:03","modified_gmt":"2025-10-29T10:50:03","slug":"kapcsolat","status":"publish","type":"page","link":"https:\/\/hungaroak.hu\/en\/kapcsolat\/","title":{"rendered":"Contact"},"content":{"rendered":"<p class=\"qtranxs-available-languages-message qtranxs-available-languages-message-en\">Sorry, this entry is only available in <a href=\"https:\/\/hungaroak.hu\/hu\/wp-json\/wp\/v2\/pages\/251\" class=\"qtranxs-available-language-link qtranxs-available-language-link-hu\" title=\"Magyar\">Magyar<\/a>.<\/p>","protected":false},"excerpt":{"rendered":"Sorry, this entry is only available in Magyar.","protected":false},"author":1,"featured_media":0,"parent":0,"menu_order":27,"comment_status":"closed","ping_status":"closed","template":"","meta":{"inline_featured_image":false,"footnotes":""},"class_list":["post-251","page","type-page","status-publish","hentry"],"acf":[],"yoast_head":"<!-- This site is optimized with the Yoast SEO plugin v25.5 - https:\/\/yoast.com\/wordpress\/plugins\/seo\/ -->\n<title>Contact - Hungaroak<\/title>\n<meta name=\"robots\" content=\"index, follow, max-snippet:-1, max-image-preview:large, max-video-preview:-1\" \/>\n<link rel=\"canonical\" href=\"https:\/\/hungaroak.hu\/kapcsolat\/\" \/>\n<meta property=\"og:locale\" content=\"en_US\" \/>\n<meta property=\"og:type\" content=\"article\" \/>\n<meta property=\"og:title\" content=\"Contact - Hungaroak\" \/>\n<meta property=\"og:description\" content=\"Sorry, this entry is only available in Magyar.\" \/>\n<meta property=\"og:url\" content=\"https:\/\/hungaroak.hu\/kapcsolat\/\" \/>\n<meta property=\"og:site_name\" content=\"[:hu]Hungaroak \u2013 Magyar t\u00f6lgyipari partnerek \u00e9s term\u00e9kek gy\u0171jt\u0151helye[:en]Hungaroak[:]\" \/>\n<meta property=\"article:modified_time\" content=\"2025-10-29T10:50:03+00:00\" \/>\n<meta name=\"twitter:card\" content=\"summary_large_image\" \/>\n<meta name=\"twitter:label1\" content=\"Est. reading time\" \/>\n\t<meta name=\"twitter:data1\" content=\"1 minute\" \/>\n<script type=\"application\/ld+json\" class=\"yoast-schema-graph\">{\"@context\":\"https:\/\/schema.org\",\"@graph\":[{\"@type\":\"WebPage\",\"@id\":\"https:\/\/hungaroak.hu\/kapcsolat\/\",\"url\":\"https:\/\/hungaroak.hu\/kapcsolat\/\",\"name\":\"[:hu]Kapcsolat[:en]Contact[:] - [:hu]Hungaroak \u2013 Magyar t\u00f6lgyipari partnerek \u00e9s term\u00e9kek gy\u0171jt\u0151helye[:en]Hungaroak[:]\",\"isPartOf\":{\"@id\":\"https:\/\/hungaroak.hu\/#website\"},\"datePublished\":\"2025-03-06T14:08:48+00:00\",\"dateModified\":\"2025-10-29T10:50:03+00:00\",\"breadcrumb\":{\"@id\":\"https:\/\/hungaroak.hu\/kapcsolat\/#breadcrumb\"},\"inLanguage\":\"en-US\",\"potentialAction\":[{\"@type\":\"ReadAction\",\"target\":[\"https:\/\/hungaroak.hu\/kapcsolat\/\"]}]},{\"@type\":\"BreadcrumbList\",\"@id\":\"https:\/\/hungaroak.hu\/kapcsolat\/#breadcrumb\",\"itemListElement\":[{\"@type\":\"ListItem\",\"position\":1,\"name\":\"Kezd\u0151lap\",\"item\":\"https:\/\/hungaroak.hu\/\"},{\"@type\":\"ListItem\",\"position\":2,\"name\":\"Kapcsolat\"}]},{\"@type\":\"WebSite\",\"@id\":\"https:\/\/hungaroak.hu\/#website\",\"url\":\"https:\/\/hungaroak.hu\/\",\"name\":\"Hungaroak\",\"description\":\"[:hu]Fedezd fel a magyar t\u00f6lgyfajokat, t\u00f6lgyb\u0151l k\u00e9sz\u00fclt term\u00e9keket \u00e9s az ezeket gy\u00e1rt\u00f3 hazai c\u00e9geket a Hungaroak weboldalon. Term\u00e9szet, min\u0151s\u00e9g, trad\u00edci\u00f3.[:]\",\"publisher\":{\"@id\":\"https:\/\/hungaroak.hu\/#organization\"},\"potentialAction\":[{\"@type\":\"SearchAction\",\"target\":{\"@type\":\"EntryPoint\",\"urlTemplate\":\"https:\/\/hungaroak.hu\/?s={search_term_string}\"},\"query-input\":{\"@type\":\"PropertyValueSpecification\",\"valueRequired\":true,\"valueName\":\"search_term_string\"}}],\"inLanguage\":\"en-US\"},{\"@type\":\"Organization\",\"@id\":\"https:\/\/hungaroak.hu\/#organization\",\"name\":\"Hungaroak\",\"url\":\"https:\/\/hungaroak.hu\/\",\"logo\":{\"@type\":\"ImageObject\",\"inLanguage\":\"en-US\",\"@id\":\"https:\/\/hungaroak.hu\/#\/schema\/logo\/image\/\",\"url\":\"https:\/\/hungaroak.hu\/wp-content\/uploads\/2025\/07\/favicon.svg\",\"contentUrl\":\"https:\/\/hungaroak.hu\/wp-content\/uploads\/2025\/07\/favicon.svg\",\"width\":\"1024\",\"height\":\"1024\",\"caption\":\"Hungaroak\"},\"image\":{\"@id\":\"https:\/\/hungaroak.hu\/#\/schema\/logo\/image\/\"}}]}<\/script>\n<!-- \/ Yoast SEO plugin. -->","yoast_head_json":{"title":"[:hu]Kapcsolat[:en]Contact[:] - [:hu]Hungaroak \u2013 Magyar t\u00f6lgyipari partnerek \u00e9s term\u00e9kek gy\u0171jt\u0151helye[:en]Hungaroak[:]","robots":{"index":"index","follow":"follow","max-snippet":"max-snippet:-1","max-image-preview":"max-image-preview:large","max-video-preview":"max-video-preview:-1"},"canonical":"https:\/\/hungaroak.hu\/kapcsolat\/","og_locale":"en_US","og_type":"article","og_title":"Contact - Hungaroak","og_description":"Sorry, this entry is only available in Magyar.","og_url":"https:\/\/hungaroak.hu\/kapcsolat\/","og_site_name":"[:hu]Hungaroak \u2013 Magyar t\u00f6lgyipari partnerek \u00e9s term\u00e9kek gy\u0171jt\u0151helye[:en]Hungaroak[:]","article_modified_time":"2025-10-29T10:50:03+00:00","twitter_card":"summary_large_image","twitter_misc":{"Est. reading time":"1 minute"},"schema":{"@context":"https:\/\/schema.org","@graph":[{"@type":"WebPage","@id":"https:\/\/hungaroak.hu\/kapcsolat\/","url":"https:\/\/hungaroak.hu\/kapcsolat\/","name":"[:hu]Kapcsolat[:en]Contact[:] - [:hu]Hungaroak \u2013 Magyar t\u00f6lgyipari partnerek \u00e9s term\u00e9kek gy\u0171jt\u0151helye[:en]Hungaroak[:]","isPartOf":{"@id":"https:\/\/hungaroak.hu\/#website"},"datePublished":"2025-03-06T14:08:48+00:00","dateModified":"2025-10-29T10:50:03+00:00","breadcrumb":{"@id":"https:\/\/hungaroak.hu\/kapcsolat\/#breadcrumb"},"inLanguage":"en-US","potentialAction":[{"@type":"ReadAction","target":["https:\/\/hungaroak.hu\/kapcsolat\/"]}]},{"@type":"BreadcrumbList","@id":"https:\/\/hungaroak.hu\/kapcsolat\/#breadcrumb","itemListElement":[{"@type":"ListItem","position":1,"name":"Kezd\u0151lap","item":"https:\/\/hungaroak.hu\/"},{"@type":"ListItem","position":2,"name":"Kapcsolat"}]},{"@type":"WebSite","@id":"https:\/\/hungaroak.hu\/#website","url":"https:\/\/hungaroak.hu\/","name":"Hungaroak","description":"[:hu]Fedezd fel a magyar t\u00f6lgyfajokat, t\u00f6lgyb\u0151l k\u00e9sz\u00fclt term\u00e9keket \u00e9s az ezeket gy\u00e1rt\u00f3 hazai c\u00e9geket a Hungaroak weboldalon. Term\u00e9szet, min\u0151s\u00e9g, trad\u00edci\u00f3.[:]","publisher":{"@id":"https:\/\/hungaroak.hu\/#organization"},"potentialAction":[{"@type":"SearchAction","target":{"@type":"EntryPoint","urlTemplate":"https:\/\/hungaroak.hu\/?s={search_term_string}"},"query-input":{"@type":"PropertyValueSpecification","valueRequired":true,"valueName":"search_term_string"}}],"inLanguage":"en-US"},{"@type":"Organization","@id":"https:\/\/hungaroak.hu\/#organization","name":"Hungaroak","url":"https:\/\/hungaroak.hu\/","logo":{"@type":"ImageObject","inLanguage":"en-US","@id":"https:\/\/hungaroak.hu\/#\/schema\/logo\/image\/","url":"https:\/\/hungaroak.hu\/wp-content\/uploads\/2025\/07\/favicon.svg","contentUrl":"https:\/\/hungaroak.hu\/wp-content\/uploads\/2025\/07\/favicon.svg","width":"1024","height":"1024","caption":"Hungaroak"},"image":{"@id":"https:\/\/hungaroak.hu\/#\/schema\/logo\/image\/"}}]}},"_links":{"self":[{"href":"https:\/\/hungaroak.hu\/en\/wp-json\/wp\/v2\/pages\/251","targetHints":{"allow":["GET"]}}],"collection":[{"href":"https:\/\/hungaroak.hu\/en\/wp-json\/wp\/v2\/pages"}],"about":[{"href":"https:\/\/hungaroak.hu\/en\/wp-json\/wp\/v2\/types\/page"}],"author":[{"embeddable":true,"href":"https:\/\/hungaroak.hu\/en\/wp-json\/wp\/v2\/users\/1"}],"replies":[{"embeddable":true,"href":"https:\/\/hungaroak.hu\/en\/wp-json\/wp\/v2\/comments?post=251"}],"version-history":[{"count":6,"href":"https:\/\/hungaroak.hu\/en\/wp-json\/wp\/v2\/pages\/251\/revisions"}],"predecessor-version":[{"id":639,"href":"https:\/\/hungaroak.hu\/en\/wp-json\/wp\/v2\/pages\/251\/revisions\/639"}],"wp:attachment":[{"href":"https:\/\/hungaroak.hu\/en\/wp-json\/wp\/v2\/media?parent=251"}],"curies":[{"name":"wp","href":"https:\/\/api.w.org\/{rel}","templated":true}]}}