{"id":11,"date":"2025-01-16T09:26:13","date_gmt":"2025-01-16T08:26:13","guid":{"rendered":"https:\/\/hungaroak.hu\/?page_id=11"},"modified":"2025-07-10T13:44:17","modified_gmt":"2025-07-10T11:44:17","slug":"az-akac","status":"publish","type":"page","link":"https:\/\/hungaroak.hu\/en\/tolgyek\/az-akac\/","title":{"rendered":"A t\u00f6lgy"},"content":{"rendered":"<p class=\"qtranxs-available-languages-message qtranxs-available-languages-message-en\">Sorry, this entry is only available in <a href=\"https:\/\/hungaroak.hu\/hu\/wp-json\/wp\/v2\/pages\/11\" class=\"qtranxs-available-language-link qtranxs-available-language-link-hu\" title=\"Magyar\">Magyar<\/a>.<\/p>","protected":false},"excerpt":{"rendered":"Sorry, this entry is only available in Magyar.","protected":false},"author":1,"featured_media":365,"parent":341,"menu_order":22,"comment_status":"closed","ping_status":"closed","template":"template-parentview.php","meta":{"inline_featured_image":false,"footnotes":""},"class_list":["post-11","page","type-page","status-publish","has-post-thumbnail","hentry"],"acf":[],"yoast_head":"<!-- This site is optimized with the Yoast SEO plugin v25.5 - https:\/\/yoast.com\/wordpress\/plugins\/seo\/ -->\n<title>A t\u00f6lgy - Hungaroak<\/title>\n<meta name=\"robots\" content=\"index, follow, max-snippet:-1, max-image-preview:large, max-video-preview:-1\" \/>\n<link rel=\"canonical\" href=\"https:\/\/hungaroak.hu\/tolgyek\/az-akac\/\" \/>\n<meta property=\"og:locale\" content=\"en_US\" \/>\n<meta property=\"og:type\" content=\"article\" \/>\n<meta property=\"og:title\" content=\"A t\u00f6lgy - Hungaroak\" \/>\n<meta property=\"og:description\" content=\"Sorry, this entry is only available in Magyar.\" \/>\n<meta property=\"og:url\" content=\"https:\/\/hungaroak.hu\/tolgyek\/az-akac\/\" \/>\n<meta property=\"og:site_name\" content=\"[:hu]Hungaroak \u2013 Magyar t\u00f6lgyipari partnerek \u00e9s term\u00e9kek gy\u0171jt\u0151helye[:en]Hungaroak[:]\" \/>\n<meta property=\"article:modified_time\" content=\"2025-07-10T11:44:17+00:00\" \/>\n<meta property=\"og:image\" content=\"https:\/\/hungaroak.hu\/wp-content\/uploads\/2025\/03\/fa_placeholder.png\" \/>\n\t<meta property=\"og:image:width\" content=\"462\" \/>\n\t<meta property=\"og:image:height\" content=\"491\" \/>\n\t<meta property=\"og:image:type\" content=\"image\/png\" \/>\n<meta name=\"twitter:card\" content=\"summary_large_image\" \/>\n<script type=\"application\/ld+json\" class=\"yoast-schema-graph\">{\"@context\":\"https:\/\/schema.org\",\"@graph\":[{\"@type\":\"WebPage\",\"@id\":\"https:\/\/hungaroak.hu\/tolgyek\/az-akac\/\",\"url\":\"https:\/\/hungaroak.hu\/tolgyek\/az-akac\/\",\"name\":\"[:hu]Csert\u00f6lgy[:en]A t\u00f6lgy[:] - [:hu]Hungaroak \u2013 Magyar t\u00f6lgyipari partnerek \u00e9s term\u00e9kek gy\u0171jt\u0151helye[:en]Hungaroak[:]\",\"isPartOf\":{\"@id\":\"https:\/\/hungaroak.hu\/#website\"},\"primaryImageOfPage\":{\"@id\":\"https:\/\/hungaroak.hu\/tolgyek\/az-akac\/#primaryimage\"},\"image\":{\"@id\":\"https:\/\/hungaroak.hu\/tolgyek\/az-akac\/#primaryimage\"},\"thumbnailUrl\":\"https:\/\/hungaroak.hu\/wp-content\/uploads\/2025\/03\/fa_placeholder.png\",\"datePublished\":\"2025-01-16T08:26:13+00:00\",\"dateModified\":\"2025-07-10T11:44:17+00:00\",\"breadcrumb\":{\"@id\":\"https:\/\/hungaroak.hu\/tolgyek\/az-akac\/#breadcrumb\"},\"inLanguage\":\"en-US\",\"potentialAction\":[{\"@type\":\"ReadAction\",\"target\":[\"https:\/\/hungaroak.hu\/tolgyek\/az-akac\/\"]}]},{\"@type\":\"ImageObject\",\"inLanguage\":\"en-US\",\"@id\":\"https:\/\/hungaroak.hu\/tolgyek\/az-akac\/#primaryimage\",\"url\":\"https:\/\/hungaroak.hu\/wp-content\/uploads\/2025\/03\/fa_placeholder.png\",\"contentUrl\":\"https:\/\/hungaroak.hu\/wp-content\/uploads\/2025\/03\/fa_placeholder.png\",\"width\":462,\"height\":491},{\"@type\":\"BreadcrumbList\",\"@id\":\"https:\/\/hungaroak.hu\/tolgyek\/az-akac\/#breadcrumb\",\"itemListElement\":[{\"@type\":\"ListItem\",\"position\":1,\"name\":\"Kezd\u0151lap\",\"item\":\"https:\/\/hungaroak.hu\/\"},{\"@type\":\"ListItem\",\"position\":2,\"name\":\"T\u00f6lgyek\",\"item\":\"https:\/\/hungaroak.hu\/tolgyek\/\"},{\"@type\":\"ListItem\",\"position\":3,\"name\":\"Csert\u00f6lgy\"}]},{\"@type\":\"WebSite\",\"@id\":\"https:\/\/hungaroak.hu\/#website\",\"url\":\"https:\/\/hungaroak.hu\/\",\"name\":\"Hungaroak\",\"description\":\"[:hu]Fedezd fel a magyar t\u00f6lgyfajokat, t\u00f6lgyb\u0151l k\u00e9sz\u00fclt term\u00e9keket \u00e9s az ezeket gy\u00e1rt\u00f3 hazai c\u00e9geket a Hungaroak weboldalon. Term\u00e9szet, min\u0151s\u00e9g, trad\u00edci\u00f3.[:]\",\"publisher\":{\"@id\":\"https:\/\/hungaroak.hu\/#organization\"},\"potentialAction\":[{\"@type\":\"SearchAction\",\"target\":{\"@type\":\"EntryPoint\",\"urlTemplate\":\"https:\/\/hungaroak.hu\/?s={search_term_string}\"},\"query-input\":{\"@type\":\"PropertyValueSpecification\",\"valueRequired\":true,\"valueName\":\"search_term_string\"}}],\"inLanguage\":\"en-US\"},{\"@type\":\"Organization\",\"@id\":\"https:\/\/hungaroak.hu\/#organization\",\"name\":\"Hungaroak\",\"url\":\"https:\/\/hungaroak.hu\/\",\"logo\":{\"@type\":\"ImageObject\",\"inLanguage\":\"en-US\",\"@id\":\"https:\/\/hungaroak.hu\/#\/schema\/logo\/image\/\",\"url\":\"https:\/\/hungaroak.hu\/wp-content\/uploads\/2025\/07\/favicon.svg\",\"contentUrl\":\"https:\/\/hungaroak.hu\/wp-content\/uploads\/2025\/07\/favicon.svg\",\"width\":\"1024\",\"height\":\"1024\",\"caption\":\"Hungaroak\"},\"image\":{\"@id\":\"https:\/\/hungaroak.hu\/#\/schema\/logo\/image\/\"}}]}<\/script>\n<!-- \/ Yoast SEO plugin. -->","yoast_head_json":{"title":"[:hu]Csert\u00f6lgy[:en]A t\u00f6lgy[:] - [:hu]Hungaroak \u2013 Magyar t\u00f6lgyipari partnerek \u00e9s term\u00e9kek gy\u0171jt\u0151helye[:en]Hungaroak[:]","robots":{"index":"index","follow":"follow","max-snippet":"max-snippet:-1","max-image-preview":"max-image-preview:large","max-video-preview":"max-video-preview:-1"},"canonical":"https:\/\/hungaroak.hu\/tolgyek\/az-akac\/","og_locale":"en_US","og_type":"article","og_title":"A t\u00f6lgy - Hungaroak","og_description":"Sorry, this entry is only available in Magyar.","og_url":"https:\/\/hungaroak.hu\/tolgyek\/az-akac\/","og_site_name":"[:hu]Hungaroak \u2013 Magyar t\u00f6lgyipari partnerek \u00e9s term\u00e9kek gy\u0171jt\u0151helye[:en]Hungaroak[:]","article_modified_time":"2025-07-10T11:44:17+00:00","og_image":[{"width":462,"height":491,"url":"https:\/\/hungaroak.hu\/wp-content\/uploads\/2025\/03\/fa_placeholder.png","type":"image\/png"}],"twitter_card":"summary_large_image","schema":{"@context":"https:\/\/schema.org","@graph":[{"@type":"WebPage","@id":"https:\/\/hungaroak.hu\/tolgyek\/az-akac\/","url":"https:\/\/hungaroak.hu\/tolgyek\/az-akac\/","name":"[:hu]Csert\u00f6lgy[:en]A t\u00f6lgy[:] - [:hu]Hungaroak \u2013 Magyar t\u00f6lgyipari partnerek \u00e9s term\u00e9kek gy\u0171jt\u0151helye[:en]Hungaroak[:]","isPartOf":{"@id":"https:\/\/hungaroak.hu\/#website"},"primaryImageOfPage":{"@id":"https:\/\/hungaroak.hu\/tolgyek\/az-akac\/#primaryimage"},"image":{"@id":"https:\/\/hungaroak.hu\/tolgyek\/az-akac\/#primaryimage"},"thumbnailUrl":"https:\/\/hungaroak.hu\/wp-content\/uploads\/2025\/03\/fa_placeholder.png","datePublished":"2025-01-16T08:26:13+00:00","dateModified":"2025-07-10T11:44:17+00:00","breadcrumb":{"@id":"https:\/\/hungaroak.hu\/tolgyek\/az-akac\/#breadcrumb"},"inLanguage":"en-US","potentialAction":[{"@type":"ReadAction","target":["https:\/\/hungaroak.hu\/tolgyek\/az-akac\/"]}]},{"@type":"ImageObject","inLanguage":"en-US","@id":"https:\/\/hungaroak.hu\/tolgyek\/az-akac\/#primaryimage","url":"https:\/\/hungaroak.hu\/wp-content\/uploads\/2025\/03\/fa_placeholder.png","contentUrl":"https:\/\/hungaroak.hu\/wp-content\/uploads\/2025\/03\/fa_placeholder.png","width":462,"height":491},{"@type":"BreadcrumbList","@id":"https:\/\/hungaroak.hu\/tolgyek\/az-akac\/#breadcrumb","itemListElement":[{"@type":"ListItem","position":1,"name":"Kezd\u0151lap","item":"https:\/\/hungaroak.hu\/"},{"@type":"ListItem","position":2,"name":"T\u00f6lgyek","item":"https:\/\/hungaroak.hu\/tolgyek\/"},{"@type":"ListItem","position":3,"name":"Csert\u00f6lgy"}]},{"@type":"WebSite","@id":"https:\/\/hungaroak.hu\/#website","url":"https:\/\/hungaroak.hu\/","name":"Hungaroak","description":"[:hu]Fedezd fel a magyar t\u00f6lgyfajokat, t\u00f6lgyb\u0151l k\u00e9sz\u00fclt term\u00e9keket \u00e9s az ezeket gy\u00e1rt\u00f3 hazai c\u00e9geket a Hungaroak weboldalon. Term\u00e9szet, min\u0151s\u00e9g, trad\u00edci\u00f3.[:]","publisher":{"@id":"https:\/\/hungaroak.hu\/#organization"},"potentialAction":[{"@type":"SearchAction","target":{"@type":"EntryPoint","urlTemplate":"https:\/\/hungaroak.hu\/?s={search_term_string}"},"query-input":{"@type":"PropertyValueSpecification","valueRequired":true,"valueName":"search_term_string"}}],"inLanguage":"en-US"},{"@type":"Organization","@id":"https:\/\/hungaroak.hu\/#organization","name":"Hungaroak","url":"https:\/\/hungaroak.hu\/","logo":{"@type":"ImageObject","inLanguage":"en-US","@id":"https:\/\/hungaroak.hu\/#\/schema\/logo\/image\/","url":"https:\/\/hungaroak.hu\/wp-content\/uploads\/2025\/07\/favicon.svg","contentUrl":"https:\/\/hungaroak.hu\/wp-content\/uploads\/2025\/07\/favicon.svg","width":"1024","height":"1024","caption":"Hungaroak"},"image":{"@id":"https:\/\/hungaroak.hu\/#\/schema\/logo\/image\/"}}]}},"_links":{"self":[{"href":"https:\/\/hungaroak.hu\/en\/wp-json\/wp\/v2\/pages\/11","targetHints":{"allow":["GET"]}}],"collection":[{"href":"https:\/\/hungaroak.hu\/en\/wp-json\/wp\/v2\/pages"}],"about":[{"href":"https:\/\/hungaroak.hu\/en\/wp-json\/wp\/v2\/types\/page"}],"author":[{"embeddable":true,"href":"https:\/\/hungaroak.hu\/en\/wp-json\/wp\/v2\/users\/1"}],"replies":[{"embeddable":true,"href":"https:\/\/hungaroak.hu\/en\/wp-json\/wp\/v2\/comments?post=11"}],"version-history":[{"count":12,"href":"https:\/\/hungaroak.hu\/en\/wp-json\/wp\/v2\/pages\/11\/revisions"}],"predecessor-version":[{"id":414,"href":"https:\/\/hungaroak.hu\/en\/wp-json\/wp\/v2\/pages\/11\/revisions\/414"}],"up":[{"embeddable":true,"href":"https:\/\/hungaroak.hu\/en\/wp-json\/wp\/v2\/pages\/341"}],"wp:featuredmedia":[{"embeddable":true,"href":"https:\/\/hungaroak.hu\/en\/wp-json\/wp\/v2\/media\/365"}],"wp:attachment":[{"href":"https:\/\/hungaroak.hu\/en\/wp-json\/wp\/v2\/media?parent=11"}],"curies":[{"name":"wp","href":"https:\/\/api.w.org\/{rel}","templated":true}]}}